{"id":1866,"date":"2025-05-14T23:56:50","date_gmt":"2025-05-14T20:56:50","guid":{"rendered":"https:\/\/escapetartu.ee\/?post_type=product&#038;p=1866"},"modified":"2025-11-20T18:17:34","modified_gmt":"2025-11-20T16:17:34","slug":"digitaalne-kinkekaart","status":"publish","type":"product","link":"https:\/\/escapetartu.ee\/en\/toode\/digitaalne-kinkekaart\/","title":{"rendered":"Digitaalne kinkekaart"},"content":{"rendered":"<p><strong>EscapeTartu<\/strong> kinkekaart on suurep\u00e4rane valik, kui soovid s\u00f5pradele, l\u00e4hedastele v\u00f5i kolleegidele pakkuda p\u00f5nevaid elamusi.<\/p>\n<p><strong>Miks valida EscapeTartu kinkekaart?<\/strong><\/p>\n<ul>\n<li><strong>Vabadus valida:<\/strong> Kinkekaarti saab kasutada k\u00f5ikide EscapeTartu teenuste jaoks (p\u00f5genemistoad, laserlahing, \u00fcritused\/s\u00fcnnip\u00e4evad).<\/li>\n<li><strong>Kiire ja mugav:<\/strong> Digitaalne kinkekaart saadetakse Sulle e-postiga kohe p\u00e4rast ostu kinnitamist.<\/li>\n<li><strong>T\u00e4iuslik kingitus igaks puhuks:<\/strong> Sobib ideaalselt s\u00fcnnip\u00e4evaks, p\u00fchadeks v\u00f5i lihtsalt \u00fcllatamiseks olenemata vanusest.<\/li>\n<\/ul>\n<p><strong>Kasutustingimused:<\/strong><\/p>\n<ul>\n<li>Kinkekaart kehtib 1 aasta alates ostukuup\u00e4evast.<\/li>\n<li>Kinkekaarti saab kasutada ainult EscapeTartu teenuste eest tasumiseks.<\/li>\n<li>Kinkekaarti ei saa vahetada raha vastu ega kasutada osaliselt.<\/li>\n<li>Kui teenuse maksumus \u00fcletab kinkekaardi v\u00e4\u00e4rtuse, saab puuduj\u00e4\u00e4va summa h\u00f5lpsasti tasuda kohapeal.<\/li>\n<\/ul>\n<p>Kinkekaarte on v\u00f5imalik osta ka kohapeal.<\/p>\n","protected":false},"excerpt":{"rendered":"<p>EscapeTartu kinkekaart on suurep\u00e4rane valik, kui soovid s\u00f5pradele, l\u00e4hedastele v\u00f5i kolleegidele pakkuda p\u00f5nevaid elamusi. Miks valida EscapeTartu kinkekaart? Vabadus valida: Kinkekaarti saab kasutada k\u00f5ikide EscapeTartu teenuste jaoks (p\u00f5genemistoad, laserlahing, \u00fcritused\/s\u00fcnnip\u00e4evad). Kiire ja mugav: Digitaalne kinkekaart saadetakse Sulle e-postiga kohe p\u00e4rast ostu kinnitamist. T\u00e4iuslik kingitus igaks puhuks: Sobib ideaalselt s\u00fcnnip\u00e4evaks, p\u00fchadeks v\u00f5i lihtsalt \u00fcllatamiseks olenemata vanusest. [&hellip;]<\/p>\n","protected":false},"featured_media":2451,"template":"","meta":{"_acf_changed":false},"product_brand":[],"product_cat":[27],"product_tag":[],"class_list":{"0":"post-1866","1":"product","2":"type-product","3":"status-publish","4":"has-post-thumbnail","6":"product_cat-kinkekaardid","8":"first","9":"instock","10":"shipping-taxable","11":"purchasable","12":"product-type-variable"},"acf":[],"yoast_head":"<!-- This site is optimized with the Yoast SEO plugin v25.5 - https:\/\/yoast.com\/wordpress\/plugins\/seo\/ -->\n<title>Digitaalne kinkekaart - EscapeTartu<\/title>\n<meta name=\"robots\" content=\"index, follow, max-snippet:-1, max-image-preview:large, max-video-preview:-1\" \/>\n<link rel=\"canonical\" href=\"https:\/\/www.escapetartu.ee\/toode\/digitaalne-kinkekaart\/\" \/>\n<meta property=\"og:locale\" content=\"en_US\" \/>\n<meta property=\"og:type\" content=\"article\" \/>\n<meta property=\"og:title\" content=\"Digitaalne kinkekaart - EscapeTartu\" \/>\n<meta property=\"og:description\" content=\"EscapeTartu kinkekaart on suurep\u00e4rane valik, kui soovid s\u00f5pradele, l\u00e4hedastele v\u00f5i kolleegidele pakkuda p\u00f5nevaid elamusi. Miks valida EscapeTartu kinkekaart? Vabadus valida: Kinkekaarti saab kasutada k\u00f5ikide EscapeTartu teenuste jaoks (p\u00f5genemistoad, laserlahing, \u00fcritused\/s\u00fcnnip\u00e4evad). Kiire ja mugav: Digitaalne kinkekaart saadetakse Sulle e-postiga kohe p\u00e4rast ostu kinnitamist. T\u00e4iuslik kingitus igaks puhuks: Sobib ideaalselt s\u00fcnnip\u00e4evaks, p\u00fchadeks v\u00f5i lihtsalt \u00fcllatamiseks olenemata vanusest. [&hellip;]\" \/>\n<meta property=\"og:url\" content=\"https:\/\/www.escapetartu.ee\/toode\/digitaalne-kinkekaart\/\" \/>\n<meta property=\"og:site_name\" content=\"EscapeTartu\" \/>\n<meta property=\"article:modified_time\" content=\"2025-11-20T16:17:34+00:00\" \/>\n<meta property=\"og:image\" content=\"https:\/\/www.escapetartu.ee\/static\/Unknown-10.jpg\" \/>\n\t<meta property=\"og:image:width\" content=\"2048\" \/>\n\t<meta property=\"og:image:height\" content=\"1450\" \/>\n\t<meta property=\"og:image:type\" content=\"image\/jpeg\" \/>\n<meta name=\"twitter:label1\" content=\"Est. reading time\" \/>\n\t<meta name=\"twitter:data1\" content=\"1 minute\" \/>\n<script type=\"application\/ld+json\" class=\"yoast-schema-graph\">{\"@context\":\"https:\/\/schema.org\",\"@graph\":[{\"@type\":\"WebPage\",\"@id\":\"https:\/\/www.escapetartu.ee\/toode\/digitaalne-kinkekaart\/\",\"url\":\"https:\/\/www.escapetartu.ee\/toode\/digitaalne-kinkekaart\/\",\"name\":\"Digitaalne kinkekaart - EscapeTartu\",\"isPartOf\":{\"@id\":\"https:\/\/escapetartu.ee\/#website\"},\"primaryImageOfPage\":{\"@id\":\"https:\/\/www.escapetartu.ee\/toode\/digitaalne-kinkekaart\/#primaryimage\"},\"image\":{\"@id\":\"https:\/\/www.escapetartu.ee\/toode\/digitaalne-kinkekaart\/#primaryimage\"},\"thumbnailUrl\":\"https:\/\/escapetartu.ee\/static\/Unknown-10.jpg\",\"datePublished\":\"2025-05-14T20:56:50+00:00\",\"dateModified\":\"2025-11-20T16:17:34+00:00\",\"breadcrumb\":{\"@id\":\"https:\/\/www.escapetartu.ee\/toode\/digitaalne-kinkekaart\/#breadcrumb\"},\"inLanguage\":\"en-US\",\"potentialAction\":[{\"@type\":\"ReadAction\",\"target\":[\"https:\/\/www.escapetartu.ee\/toode\/digitaalne-kinkekaart\/\"]}]},{\"@type\":\"ImageObject\",\"inLanguage\":\"en-US\",\"@id\":\"https:\/\/www.escapetartu.ee\/toode\/digitaalne-kinkekaart\/#primaryimage\",\"url\":\"https:\/\/escapetartu.ee\/static\/Unknown-10.jpg\",\"contentUrl\":\"https:\/\/escapetartu.ee\/static\/Unknown-10.jpg\",\"width\":2048,\"height\":1450,\"caption\":\"Kinkekaart EsacpeTartu\"},{\"@type\":\"BreadcrumbList\",\"@id\":\"https:\/\/www.escapetartu.ee\/toode\/digitaalne-kinkekaart\/#breadcrumb\",\"itemListElement\":[{\"@type\":\"ListItem\",\"position\":1,\"name\":\"Home\",\"item\":\"https:\/\/escapetartu.ee\/\"},{\"@type\":\"ListItem\",\"position\":2,\"name\":\"Pood\",\"item\":\"https:\/\/escapetartu.ee\/?page_id=1813\"},{\"@type\":\"ListItem\",\"position\":3,\"name\":\"Digitaalne kinkekaart\"}]},{\"@type\":\"WebSite\",\"@id\":\"https:\/\/escapetartu.ee\/#website\",\"url\":\"https:\/\/escapetartu.ee\/\",\"name\":\"EscapeTartu\",\"description\":\"Reaalajas toimuv p\u00f5genemism\u00e4ng\",\"potentialAction\":[{\"@type\":\"SearchAction\",\"target\":{\"@type\":\"EntryPoint\",\"urlTemplate\":\"https:\/\/escapetartu.ee\/?s={search_term_string}\"},\"query-input\":{\"@type\":\"PropertyValueSpecification\",\"valueRequired\":true,\"valueName\":\"search_term_string\"}}],\"inLanguage\":\"en-US\"}]}<\/script>\n<!-- \/ Yoast SEO plugin. -->","yoast_head_json":{"title":"Digitaalne kinkekaart - EscapeTartu","robots":{"index":"index","follow":"follow","max-snippet":"max-snippet:-1","max-image-preview":"max-image-preview:large","max-video-preview":"max-video-preview:-1"},"canonical":"https:\/\/www.escapetartu.ee\/toode\/digitaalne-kinkekaart\/","og_locale":"en_US","og_type":"article","og_title":"Digitaalne kinkekaart - EscapeTartu","og_description":"EscapeTartu kinkekaart on suurep\u00e4rane valik, kui soovid s\u00f5pradele, l\u00e4hedastele v\u00f5i kolleegidele pakkuda p\u00f5nevaid elamusi. Miks valida EscapeTartu kinkekaart? Vabadus valida: Kinkekaarti saab kasutada k\u00f5ikide EscapeTartu teenuste jaoks (p\u00f5genemistoad, laserlahing, \u00fcritused\/s\u00fcnnip\u00e4evad). Kiire ja mugav: Digitaalne kinkekaart saadetakse Sulle e-postiga kohe p\u00e4rast ostu kinnitamist. T\u00e4iuslik kingitus igaks puhuks: Sobib ideaalselt s\u00fcnnip\u00e4evaks, p\u00fchadeks v\u00f5i lihtsalt \u00fcllatamiseks olenemata vanusest. [&hellip;]","og_url":"https:\/\/www.escapetartu.ee\/toode\/digitaalne-kinkekaart\/","og_site_name":"EscapeTartu","article_modified_time":"2025-11-20T16:17:34+00:00","og_image":[{"width":2048,"height":1450,"url":"https:\/\/www.escapetartu.ee\/static\/Unknown-10.jpg","type":"image\/jpeg"}],"twitter_misc":{"Est. reading time":"1 minute"},"schema":{"@context":"https:\/\/schema.org","@graph":[{"@type":"WebPage","@id":"https:\/\/www.escapetartu.ee\/toode\/digitaalne-kinkekaart\/","url":"https:\/\/www.escapetartu.ee\/toode\/digitaalne-kinkekaart\/","name":"Digitaalne kinkekaart - EscapeTartu","isPartOf":{"@id":"https:\/\/escapetartu.ee\/#website"},"primaryImageOfPage":{"@id":"https:\/\/www.escapetartu.ee\/toode\/digitaalne-kinkekaart\/#primaryimage"},"image":{"@id":"https:\/\/www.escapetartu.ee\/toode\/digitaalne-kinkekaart\/#primaryimage"},"thumbnailUrl":"https:\/\/escapetartu.ee\/static\/Unknown-10.jpg","datePublished":"2025-05-14T20:56:50+00:00","dateModified":"2025-11-20T16:17:34+00:00","breadcrumb":{"@id":"https:\/\/www.escapetartu.ee\/toode\/digitaalne-kinkekaart\/#breadcrumb"},"inLanguage":"en-US","potentialAction":[{"@type":"ReadAction","target":["https:\/\/www.escapetartu.ee\/toode\/digitaalne-kinkekaart\/"]}]},{"@type":"ImageObject","inLanguage":"en-US","@id":"https:\/\/www.escapetartu.ee\/toode\/digitaalne-kinkekaart\/#primaryimage","url":"https:\/\/escapetartu.ee\/static\/Unknown-10.jpg","contentUrl":"https:\/\/escapetartu.ee\/static\/Unknown-10.jpg","width":2048,"height":1450,"caption":"Kinkekaart EsacpeTartu"},{"@type":"BreadcrumbList","@id":"https:\/\/www.escapetartu.ee\/toode\/digitaalne-kinkekaart\/#breadcrumb","itemListElement":[{"@type":"ListItem","position":1,"name":"Home","item":"https:\/\/escapetartu.ee\/"},{"@type":"ListItem","position":2,"name":"Pood","item":"https:\/\/escapetartu.ee\/?page_id=1813"},{"@type":"ListItem","position":3,"name":"Digitaalne kinkekaart"}]},{"@type":"WebSite","@id":"https:\/\/escapetartu.ee\/#website","url":"https:\/\/escapetartu.ee\/","name":"EscapeTartu","description":"Reaalajas toimuv p\u00f5genemism\u00e4ng","potentialAction":[{"@type":"SearchAction","target":{"@type":"EntryPoint","urlTemplate":"https:\/\/escapetartu.ee\/?s={search_term_string}"},"query-input":{"@type":"PropertyValueSpecification","valueRequired":true,"valueName":"search_term_string"}}],"inLanguage":"en-US"}]}},"_links":{"self":[{"href":"https:\/\/escapetartu.ee\/en\/wp-json\/wp\/v2\/product\/1866","targetHints":{"allow":["GET"]}}],"collection":[{"href":"https:\/\/escapetartu.ee\/en\/wp-json\/wp\/v2\/product"}],"about":[{"href":"https:\/\/escapetartu.ee\/en\/wp-json\/wp\/v2\/types\/product"}],"wp:featuredmedia":[{"embeddable":true,"href":"https:\/\/escapetartu.ee\/en\/wp-json\/wp\/v2\/media\/2451"}],"wp:attachment":[{"href":"https:\/\/escapetartu.ee\/en\/wp-json\/wp\/v2\/media?parent=1866"}],"wp:term":[{"taxonomy":"product_brand","embeddable":true,"href":"https:\/\/escapetartu.ee\/en\/wp-json\/wp\/v2\/product_brand?post=1866"},{"taxonomy":"product_cat","embeddable":true,"href":"https:\/\/escapetartu.ee\/en\/wp-json\/wp\/v2\/product_cat?post=1866"},{"taxonomy":"product_tag","embeddable":true,"href":"https:\/\/escapetartu.ee\/en\/wp-json\/wp\/v2\/product_tag?post=1866"}],"curies":[{"name":"wp","href":"https:\/\/api.w.org\/{rel}","templated":true}]}}